{"id":32,"date":"2022-03-09T02:43:24","date_gmt":"2022-03-09T02:43:24","guid":{"rendered":"http:\/\/focusherb.dfsj.net\/?page_id=32"},"modified":"2022-05-05T06:29:18","modified_gmt":"2022-05-05T06:29:18","slug":"quality","status":"publish","type":"page","link":"https:\/\/www.focusherb.com\/es\/quality\/","title":{"rendered":"Calidad"},"content":{"rendered":"<p>[vc_row][vc_column][vc_column_text]<\/p>\n<h2 style=\"text-align: center;\"><strong>Los mejores ingredientes s\u00f3lo pueden control de los mejores ingredientes y el proceso de fabricaci\u00f3n.<\/strong><\/h2>\n<p>[\/vc_column_text][vc_column_text]<\/p>\n<h2>Plantado<\/h2>\n<p>FocusHerb comienza desde la fuente de ingredientes, granjas certificadas GAP, cultivo org\u00e1nico. Con 5000 acres de base de plantaci\u00f3n de hojas de olivo, y cooper\u00f3 estrechamente con granjas para casi 20 tipos de plantas org\u00e1nicas y 200 extractos de hierbas como Ginseng, Ginkgo, hongos, pasto de trigo , hierba de cebada, col rizada, alfalfa, remolacha roja, jengibre, etc., para garantizar un rendimiento \u00f3ptimo y garantizar el extracto de planta con alta calidad al final del proceso.<\/p>\n<p>FocusHerb examina cada lote de los ingredientes desde su identidad, potencia y pureza, para controlar estrictamente la calidad de los productos desde la fuente para crear una vida buena.[\/vc_column_text][vc_column_text]<\/p>\n<h2>Produccion<\/h2>\n<p>La taller de producci\u00f3n de extractos de plantas es 4000M<sup>2<\/sup> con tecnolog\u00eda de extracci\u00f3n, separaci\u00f3n y purificaci\u00f3n de plantas maduras, equipado con equipos de producci\u00f3n avanzados, produce estrictamente de acuerdo con el procedimiento GMP.[\/vc_column_text][vc_row_inner el_class=&#8221;mini_padding&#8221;][vc_column_inner width=&#8221;1\/5&#8243;][vc_single_image image=&#8221;489&#8243; img_size=&#8221;full&#8221;][\/vc_column_inner][vc_column_inner width=&#8221;1\/5&#8243;][vc_single_image image=&#8221;496&#8243; img_size=&#8221;full&#8221;][\/vc_column_inner][vc_column_inner width=&#8221;1\/5&#8243;][vc_single_image image=&#8221;494&#8243; img_size=&#8221;full&#8221;][\/vc_column_inner][vc_column_inner width=&#8221;1\/5&#8243;][vc_single_image image=&#8221;493&#8243; img_size=&#8221;full&#8221;][\/vc_column_inner][vc_column_inner width=&#8221;1\/5&#8243;][vc_single_image image=&#8221;495&#8243; img_size=&#8221;full&#8221;][\/vc_column_inner][\/vc_row_inner][vc_row_inner el_class=&#8221;mini_padding&#8221;][vc_column_inner width=&#8221;1\/5&#8243;][vc_single_image image=&#8221;492&#8243; img_size=&#8221;full&#8221;][\/vc_column_inner][vc_column_inner width=&#8221;1\/5&#8243;][vc_single_image image=&#8221;490&#8243; img_size=&#8221;full&#8221;][\/vc_column_inner][vc_column_inner width=&#8221;1\/5&#8243;][vc_single_image image=&#8221;497&#8243; img_size=&#8221;full&#8221;][\/vc_column_inner][vc_column_inner width=&#8221;1\/5&#8243;][vc_single_image image=&#8221;491&#8243; img_size=&#8221;full&#8221;][\/vc_column_inner][vc_column_inner width=&#8221;1\/5&#8243;][vc_single_image image=&#8221;498&#8243; img_size=&#8221;full&#8221;][\/vc_column_inner][\/vc_row_inner][vc_column_text]<\/p>\n<h2>Calidad<\/h2>\n<p>Nuestro laboratorio est\u00e1 equipado con instrumentos de \u00faltima generaci\u00f3n para pruebas e identificaci\u00f3n, como UPLC, HPLC, UV, GC y GC-MS (residuos de solventes), ICP-MS (metales pesados), GC\/LC-MS-MS (Residuo de pesticida), HPTLC e IR (identificaci\u00f3n), ELIASA (valor ORAC), PSL (residuo de irradiaci\u00f3n), prueba de microbiolog\u00eda, etc. Mientras tanto, estableci\u00f3 un sistema de gesti\u00f3n sistem\u00e1tico, estandarizado e institucionalizado para asegurarse de que todo el proceso de producci\u00f3n cumple los principios de gesti\u00f3n HACCP y GMP para garantizar cada producto sea alta calidad.<\/p>\n<p>Tambi\u00e9n establecimos una cooperaci\u00f3n a largo plazo con algunos laboratorios de terceros (SGS, Intertek, Eurofins y NSF), para probar nuestros productos a trav\u00e9s de diferentes m\u00e9todos en diferentes laboratorios para garantizar que nuestros productos cumplan con los requisitos del cliente.<\/p>\n<p>Nuestros productos tienen documentos completos, como COA, TDS, MSDS, hoja de nutrici\u00f3n de composici\u00f3n, diagrama de flujo, etc.<\/p>\n<p>Configure un sistema de gesti\u00f3n de seguimiento para controlar todos los productos en cada etapa del proceso de fabricaci\u00f3n, desde la llegada de los ingredientes, el almacenamiento, la producci\u00f3n, el dep\u00f3sito y las ventas para asegurarnos de rastrear con precisi\u00f3n de todos los productos dentro de la cadena de suministro.[\/vc_column_text][vc_column_text]<\/p>\n<h2>R&amp;D<\/h2>\n<p>Nuestro equipo de I + D tiene alto nivel responsable de optimizar el proceso de producci\u00f3n y lanzar nuevos productos. Cooperaci\u00f3n a largo plazo con instituciones de investigaci\u00f3n cient\u00edfica y universidades nacionales para desarrollar ingredientes activos de plantas, soluciones para nuevos productos y productos de salud de eficacia espec\u00edfica para alimentos saludables y cosm\u00e9ticos con el objetivo de ofrecer un valor a\u00f1adido a nuestros clientes.<\/p>\n<p>FocusHerb invierte anualmente entre el 5% y el 10% de la facturaci\u00f3n en RD, contamos con un laboratorio de procesos profesional y un laboratorio de f\u00f3rmulas profesional que puede llevar a cabo nuestra investigaci\u00f3n de procesos y dise\u00f1o de f\u00f3rmulas para nuestros extractos de plantas, mezclas de polvos, c\u00e1psulas, tabletas y otros productos diversificados.[\/vc_column_text][vc_row_inner el_class=&#8221;mini_padding&#8221;][vc_column_inner width=&#8221;1\/4&#8243;][vc_single_image image=&#8221;501&#8243; img_size=&#8221;full&#8221;][\/vc_column_inner][vc_column_inner width=&#8221;1\/4&#8243;][vc_single_image image=&#8221;510&#8243; img_size=&#8221;full&#8221;][\/vc_column_inner][vc_column_inner width=&#8221;1\/4&#8243;][vc_single_image image=&#8221;505&#8243; img_size=&#8221;full&#8221;][\/vc_column_inner][vc_column_inner width=&#8221;1\/4&#8243;][vc_single_image image=&#8221;507&#8243; img_size=&#8221;full&#8221;][\/vc_column_inner][\/vc_row_inner][vc_row_inner el_class=&#8221;mini_padding&#8221;][vc_column_inner width=&#8221;1\/4&#8243;][vc_single_image image=&#8221;502&#8243; img_size=&#8221;full&#8221;][\/vc_column_inner][vc_column_inner width=&#8221;1\/4&#8243;][vc_single_image image=&#8221;503&#8243; img_size=&#8221;full&#8221;][\/vc_column_inner][vc_column_inner width=&#8221;1\/4&#8243;][vc_single_image image=&#8221;500&#8243; img_size=&#8221;full&#8221;][\/vc_column_inner][vc_column_inner width=&#8221;1\/4&#8243;][vc_single_image image=&#8221;506&#8243; img_size=&#8221;full&#8221;][\/vc_column_inner][\/vc_row_inner][\/vc_column][\/vc_row][vc_row][vc_column css=&#8221;.vc_custom_1648799087055{padding-right: 100px !important;padding-left: 100px !important;}&#8221;][vc_column_text]<\/p>\n<h2 style=\"text-align: center;\">Certificaci\u00f3n<\/h2>\n<p style=\"text-align: center;\">FocusHerb se ha dedicado al campo de los extractos de plantas y superalimentos org\u00e1nicos, ha realizado esfuerzos continuos para innovar, optimizar el proceso de producci\u00f3n y mejorar los est\u00e1ndares de control y gesti\u00f3n. Ha obtenido con \u00e9xito la certificaci\u00f3n del sistema de calidad como SC, EU&amp;NOP Organic Certificate, Kosher, Halal, ISO9001, ISO22000 y HACCP, etc.<\/p>\n<p>[\/vc_column_text][\/vc_column][\/vc_row]<\/p>\n","protected":false},"excerpt":{"rendered":"<p>[vc_row][vc_column][vc_column_text] Los mejores ingredientes s\u00f3lo pueden control de los mejores ingredientes y el proceso de fabricaci\u00f3n. [\/vc_column_text][vc_column_text] Plantado FocusHerb comienza desde la fuente de ingredientes, granjas certificadas GAP, cultivo org\u00e1nico. Con 5000 acres de base de plantaci\u00f3n de hojas de olivo, y cooper\u00f3 estrechamente con granjas para casi 20 tipos de plantas org\u00e1nicas y 200 &hellip; <a href=\"https:\/\/www.focusherb.com\/es\/quality\/\" class=\"more-link\">Continue reading <span class=\"screen-reader-text\">Calidad<\/span> <span class=\"meta-nav\">&rarr;<\/span><\/a><\/p>\n","protected":false},"author":1,"featured_media":546,"parent":0,"menu_order":19,"comment_status":"closed","ping_status":"closed","template":"page-quality.php","meta":{"footnotes":""},"class_list":["post-32","page","type-page","status-publish","has-post-thumbnail","hentry"],"acf":[],"_links":{"self":[{"href":"https:\/\/www.focusherb.com\/es\/wp-json\/wp\/v2\/pages\/32","targetHints":{"allow":["GET"]}}],"collection":[{"href":"https:\/\/www.focusherb.com\/es\/wp-json\/wp\/v2\/pages"}],"about":[{"href":"https:\/\/www.focusherb.com\/es\/wp-json\/wp\/v2\/types\/page"}],"author":[{"embeddable":true,"href":"https:\/\/www.focusherb.com\/es\/wp-json\/wp\/v2\/users\/1"}],"replies":[{"embeddable":true,"href":"https:\/\/www.focusherb.com\/es\/wp-json\/wp\/v2\/comments?post=32"}],"version-history":[{"count":0,"href":"https:\/\/www.focusherb.com\/es\/wp-json\/wp\/v2\/pages\/32\/revisions"}],"wp:featuredmedia":[{"embeddable":true,"href":"https:\/\/www.focusherb.com\/es\/wp-json\/wp\/v2\/media\/546"}],"wp:attachment":[{"href":"https:\/\/www.focusherb.com\/es\/wp-json\/wp\/v2\/media?parent=32"}],"curies":[{"name":"wp","href":"https:\/\/api.w.org\/{rel}","templated":true}]}}