{"id":34,"date":"2022-03-09T02:43:40","date_gmt":"2022-03-09T02:43:40","guid":{"rendered":"http:\/\/focusherb.dfsj.net\/?page_id=34"},"modified":"2022-05-05T05:30:10","modified_gmt":"2022-05-05T05:30:10","slug":"development","status":"publish","type":"page","link":"https:\/\/www.focusherb.com\/es\/development\/","title":{"rendered":"Desarrollo de productos"},"content":{"rendered":"<p>[vc_row][vc_column][vc_column_text]<\/p>\n<h2 style=\"text-align: center;\">Desarrollo de productos<\/h2>\n<p style=\"text-align: center;\">Ofrecemos servicios de procesamiento por contrato, ayudamos a los clientes a evaluar estrictamente los ingredientes y satisfacemos las diferentes necesidades de los clientes, que incluyen polvo mixto, granulaci\u00f3n, c\u00e1psulas blandas, c\u00e1psulas duras, tabletas, gomitas y otras formas de dosificaci\u00f3n y empaque neutral y personalizaci\u00f3n del paquete del cliente .<\/p>\n<p>[\/vc_column_text][\/vc_column][\/vc_row]<\/p>\n","protected":false},"excerpt":{"rendered":"<p>[vc_row][vc_column][vc_column_text] Desarrollo de productos Ofrecemos servicios de procesamiento por contrato, ayudamos a los clientes a evaluar estrictamente los ingredientes y satisfacemos las diferentes necesidades de los clientes, que incluyen polvo mixto, granulaci\u00f3n, c\u00e1psulas blandas, c\u00e1psulas duras, tabletas, gomitas y otras formas de dosificaci\u00f3n y empaque neutral y personalizaci\u00f3n del paquete del cliente . [\/vc_column_text][\/vc_column][\/vc_row]<\/p>\n","protected":false},"author":1,"featured_media":550,"parent":0,"menu_order":9,"comment_status":"closed","ping_status":"closed","template":"page-tab.php","meta":{"footnotes":""},"class_list":["post-34","page","type-page","status-publish","has-post-thumbnail","hentry"],"acf":[],"_links":{"self":[{"href":"https:\/\/www.focusherb.com\/es\/wp-json\/wp\/v2\/pages\/34","targetHints":{"allow":["GET"]}}],"collection":[{"href":"https:\/\/www.focusherb.com\/es\/wp-json\/wp\/v2\/pages"}],"about":[{"href":"https:\/\/www.focusherb.com\/es\/wp-json\/wp\/v2\/types\/page"}],"author":[{"embeddable":true,"href":"https:\/\/www.focusherb.com\/es\/wp-json\/wp\/v2\/users\/1"}],"replies":[{"embeddable":true,"href":"https:\/\/www.focusherb.com\/es\/wp-json\/wp\/v2\/comments?post=34"}],"version-history":[{"count":0,"href":"https:\/\/www.focusherb.com\/es\/wp-json\/wp\/v2\/pages\/34\/revisions"}],"wp:featuredmedia":[{"embeddable":true,"href":"https:\/\/www.focusherb.com\/es\/wp-json\/wp\/v2\/media\/550"}],"wp:attachment":[{"href":"https:\/\/www.focusherb.com\/es\/wp-json\/wp\/v2\/media?parent=34"}],"curies":[{"name":"wp","href":"https:\/\/api.w.org\/{rel}","templated":true}]}}