{"id":38,"date":"2022-03-09T02:44:23","date_gmt":"2022-03-09T02:44:23","guid":{"rendered":"http:\/\/focusherb.dfsj.net\/?page_id=38"},"modified":"2022-05-05T07:08:42","modified_gmt":"2022-05-05T07:08:42","slug":"about","status":"publish","type":"page","link":"https:\/\/www.focusherb.com\/es\/about\/","title":{"rendered":"Nosotros"},"content":{"rendered":"<p>[vc_row el_class=&#8221;justify&#8221;][vc_column][vc_column_text]<\/p>\n<h2 style=\"text-align: center;\">Un proveedor profesional de servicios personalizados en extractos de plantas naturales<\/h2>\n<p>FocusHerb es una empresa innovadora que integra investigaci\u00f3n y desarrollo(I+D), fabricaci\u00f3n y comercial. Se ha dedicado a ofrecer ingredientes naturales y extractos de plantas para las industrias alimenticia, nutrac\u00e9utica y farmac\u00e9utica durante m\u00e1s de 10 a\u00f1os.<\/p>\n<p>FocusHerb tiene 5000 acres de base de plantaci\u00f3n de hojas de olivo en Longnan, Gansu, cooper\u00f3 estrechamente con granjas para obtener casi 20 tipos de plantas org\u00e1nicas y 200 extractos de hierbas como ginseng, ginkgo, champi\u00f1ones, pasto de trigo, pasto de cebada, remolacha roja, etc., para garantizar un rendimiento \u00f3ptimo y garantizar un extracto de plantas de alta calidad al final del proceso.<\/p>\n<p>Tenemos equipos de prueba avanzados para pruebas e identificaci\u00f3n como UPLC, HPLC, UV, GC y GC-MS (residuos de solventes), ICP-MS (metales pesados), GC\/LC-MS-MS (residuos de pesticidas) \uff0cHPTLC e IR (identificaci\u00f3n), ELIASA (valor ORAC), PSL (residuo de irradiaci\u00f3n), prueba de microbiolog\u00eda, etc. Mientras , estableci\u00f3 un sistema de gesti\u00f3n sistem\u00e1tico, estandarizado e institucionalizado para asegurarse todo el proceso de producci\u00f3n cumpla con los principios de HACCP y Gesti\u00f3n GMP para garantizar que cada producto sea de alta calidad.<\/p>\n<p>Con esfuerzos continuos para la innovaci\u00f3n, la optimizaci\u00f3n del proceso de producci\u00f3n ,la mejora de los est\u00e1ndares de gesti\u00f3n y el control. Nuestra empresa ha obtenido la certificaci\u00f3n del sistema de calidad como SC, EU&amp;NOP Organic Certificate, Kosher, Halal, ISO9001, ISO22000 y HACCP, etc.[\/vc_column_text][\/vc_column][\/vc_row][vc_row el_class=&#8221;a_culture&#8221;][vc_column width=&#8221;1\/2&#8243;][vc_single_image image=&#8221;644&#8243; img_size=&#8221;full&#8221;][\/vc_column][vc_column width=&#8221;1\/2&#8243;][vc_column_text]<\/p>\n<h2>La misi\u00f3n<\/h2>\n<p>Nuestra misi\u00f3n es ayudar los empleados a ampliar sus valor, crear el m\u00e1ximo valor para nuestros clientes y contribuir a mejorar la calidad de vida de nuestra sociedad a trav\u00e9s del desarrollo continuo de productos y servicios.<\/p>\n<h2>Nuestra visi\u00f3n<\/h2>\n<p>Respetar la natural, para lograr el desarrollo sostenible de la ecolog\u00eda y el medio ambiente, para hacerse el socio m\u00e1s confiable de ingredientes naturales personalizados global<\/p>\n<h2>Nuestro valor<\/h2>\n<p>Integridad, Especialidad, Innovaci\u00f3n, Responsabilidad, Colaboraci\u00f3n, Excelencia[\/vc_column_text][\/vc_column][\/vc_row]<\/p>\n","protected":false},"excerpt":{"rendered":"<p>[vc_row el_class=&#8221;justify&#8221;][vc_column][vc_column_text] Un proveedor profesional de servicios personalizados en extractos de plantas naturales FocusHerb es una empresa innovadora que integra investigaci\u00f3n y desarrollo(I+D), fabricaci\u00f3n y comercial. Se ha dedicado a ofrecer ingredientes naturales y extractos de plantas para las industrias alimenticia, nutrac\u00e9utica y farmac\u00e9utica durante m\u00e1s de 10 a\u00f1os. FocusHerb tiene 5000 acres de base &hellip; <a href=\"https:\/\/www.focusherb.com\/es\/about\/\" class=\"more-link\">Continue reading <span class=\"screen-reader-text\">Nosotros<\/span> <span class=\"meta-nav\">&rarr;<\/span><\/a><\/p>\n","protected":false},"author":1,"featured_media":547,"parent":0,"menu_order":1,"comment_status":"closed","ping_status":"closed","template":"page-about.php","meta":{"footnotes":""},"class_list":["post-38","page","type-page","status-publish","has-post-thumbnail","hentry"],"acf":[],"_links":{"self":[{"href":"https:\/\/www.focusherb.com\/es\/wp-json\/wp\/v2\/pages\/38","targetHints":{"allow":["GET"]}}],"collection":[{"href":"https:\/\/www.focusherb.com\/es\/wp-json\/wp\/v2\/pages"}],"about":[{"href":"https:\/\/www.focusherb.com\/es\/wp-json\/wp\/v2\/types\/page"}],"author":[{"embeddable":true,"href":"https:\/\/www.focusherb.com\/es\/wp-json\/wp\/v2\/users\/1"}],"replies":[{"embeddable":true,"href":"https:\/\/www.focusherb.com\/es\/wp-json\/wp\/v2\/comments?post=38"}],"version-history":[{"count":0,"href":"https:\/\/www.focusherb.com\/es\/wp-json\/wp\/v2\/pages\/38\/revisions"}],"wp:featuredmedia":[{"embeddable":true,"href":"https:\/\/www.focusherb.com\/es\/wp-json\/wp\/v2\/media\/547"}],"wp:attachment":[{"href":"https:\/\/www.focusherb.com\/es\/wp-json\/wp\/v2\/media?parent=38"}],"curies":[{"name":"wp","href":"https:\/\/api.w.org\/{rel}","templated":true}]}}